{"id":8548,"date":"2025-04-14T16:40:51","date_gmt":"2025-04-14T19:40:51","guid":{"rendered":"https:\/\/w2mktdigital.com\/psdminas\/?page_id=8548"},"modified":"2025-04-14T16:47:05","modified_gmt":"2025-04-14T19:47:05","slug":"comissoes-provisorias","status":"publish","type":"page","link":"https:\/\/w2mktdigital.com\/psdminas\/comissoes-provisorias\/","title":{"rendered":"Comiss\u00f5es Provis\u00f3rias"},"content":{"rendered":"\t\t<div data-elementor-type=\"wp-page\" data-elementor-id=\"8548\" class=\"elementor elementor-8548\" data-elementor-settings=\"{&quot;element_pack_global_tooltip_width&quot;:{&quot;unit&quot;:&quot;px&quot;,&quot;size&quot;:&quot;&quot;,&quot;sizes&quot;:[]},&quot;element_pack_global_tooltip_width_tablet&quot;:{&quot;unit&quot;:&quot;px&quot;,&quot;size&quot;:&quot;&quot;,&quot;sizes&quot;:[]},&quot;element_pack_global_tooltip_width_mobile&quot;:{&quot;unit&quot;:&quot;px&quot;,&quot;size&quot;:&quot;&quot;,&quot;sizes&quot;:[]},&quot;element_pack_global_tooltip_padding&quot;:{&quot;unit&quot;:&quot;px&quot;,&quot;top&quot;:&quot;&quot;,&quot;right&quot;:&quot;&quot;,&quot;bottom&quot;:&quot;&quot;,&quot;left&quot;:&quot;&quot;,&quot;isLinked&quot;:true},&quot;element_pack_global_tooltip_padding_tablet&quot;:{&quot;unit&quot;:&quot;px&quot;,&quot;top&quot;:&quot;&quot;,&quot;right&quot;:&quot;&quot;,&quot;bottom&quot;:&quot;&quot;,&quot;left&quot;:&quot;&quot;,&quot;isLinked&quot;:true},&quot;element_pack_global_tooltip_padding_mobile&quot;:{&quot;unit&quot;:&quot;px&quot;,&quot;top&quot;:&quot;&quot;,&quot;right&quot;:&quot;&quot;,&quot;bottom&quot;:&quot;&quot;,&quot;left&quot;:&quot;&quot;,&quot;isLinked&quot;:true},&quot;element_pack_global_tooltip_border_radius&quot;:{&quot;unit&quot;:&quot;px&quot;,&quot;top&quot;:&quot;&quot;,&quot;right&quot;:&quot;&quot;,&quot;bottom&quot;:&quot;&quot;,&quot;left&quot;:&quot;&quot;,&quot;isLinked&quot;:true},&quot;element_pack_global_tooltip_border_radius_tablet&quot;:{&quot;unit&quot;:&quot;px&quot;,&quot;top&quot;:&quot;&quot;,&quot;right&quot;:&quot;&quot;,&quot;bottom&quot;:&quot;&quot;,&quot;left&quot;:&quot;&quot;,&quot;isLinked&quot;:true},&quot;element_pack_global_tooltip_border_radius_mobile&quot;:{&quot;unit&quot;:&quot;px&quot;,&quot;top&quot;:&quot;&quot;,&quot;right&quot;:&quot;&quot;,&quot;bottom&quot;:&quot;&quot;,&quot;left&quot;:&quot;&quot;,&quot;isLinked&quot;:true}}\" data-elementor-post-type=\"page\">\n\t\t\t\t<div class=\"elementor-element elementor-element-84ddbae e-flex e-con-boxed e-con e-parent\" data-id=\"84ddbae\" data-element_type=\"container\" data-settings=\"{&quot;background_background&quot;:&quot;classic&quot;}\">\n\t\t\t\t\t<div class=\"e-con-inner\">\n\t\t<div class=\"elementor-element elementor-element-7979df4 e-con-full e-flex e-con e-child\" data-id=\"7979df4\" data-element_type=\"container\" data-settings=\"{&quot;background_background&quot;:&quot;classic&quot;}\">\n\t\t\t\t<div class=\"elementor-element elementor-element-d539455 elementor-widget elementor-widget-heading\" data-id=\"d539455\" data-element_type=\"widget\" data-widget_type=\"heading.default\">\n\t\t\t\t<div class=\"elementor-widget-container\">\n\t\t\t\t\t<h2 class=\"elementor-heading-title elementor-size-default\">Comiss\u00f5es Provis\u00f3rias<\/h2>\t\t\t\t<\/div>\n\t\t\t\t<\/div>\n\t\t\t\t<div class=\"elementor-element elementor-element-c737b0d elementor-widget-divider--separator-type-pattern elementor-widget-divider--view-line elementor-widget elementor-widget-divider\" data-id=\"c737b0d\" data-element_type=\"widget\" data-widget_type=\"divider.default\">\n\t\t\t\t<div class=\"elementor-widget-container\">\n\t\t\t\t\t\t\t<div class=\"elementor-divider\" style=\"--divider-pattern-url: url(&quot;data:image\/svg+xml,%3Csvg xmlns=&#039;http:\/\/www.w3.org\/2000\/svg&#039; preserveAspectRatio=&#039;none&#039; overflow=&#039;visible&#039; height=&#039;100%&#039; viewBox=&#039;0 0 24 24&#039; fill=&#039;black&#039; stroke=&#039;none&#039;%3E%3Cpolygon points=&#039;9.4,2 24,2 14.6,21.6 0,21.6&#039;\/%3E%3C\/svg%3E&quot;);\">\n\t\t\t<span class=\"elementor-divider-separator\">\n\t\t\t\t\t\t<\/span>\n\t\t<\/div>\n\t\t\t\t\t\t<\/div>\n\t\t\t\t<\/div>\n\t\t<div class=\"elementor-element elementor-element-d857c54 e-con-full e-flex e-con e-child\" data-id=\"d857c54\" data-element_type=\"container\">\n\t\t\t\t<div class=\"elementor-element elementor-element-4ceafca elementor-widget elementor-widget-text-editor\" data-id=\"4ceafca\" data-element_type=\"widget\" data-widget_type=\"text-editor.default\">\n\t\t\t\t<div class=\"elementor-widget-container\">\n\t\t\t\t\t\t\t\t\t<ul><li><h3>Passo a Passo<\/h3><p>Caso se identifique com nossa ideologia e n\u00e3o exista Comiss\u00e3o Provis\u00f3ria do PSD em seu munic\u00edpio, entre em contato conosco por meio dos telefones: (31) 2555-5097 \/ 2555-6926.<\/p><p>Para a cria\u00e7\u00e3o de uma Comiss\u00e3o Provis\u00f3ria do PSD-MG \u00e9 necess\u00e1rio baixar o formul\u00e1rio abaixo e preench\u00ea-lo por COMPLETO, com endere\u00e7o, telefones, e-mail individuais, al\u00e9m disso, todos os membro dever\u00e3o assinar o documento. O n\u00famero m\u00e1ximo para compor a\u00a0comiss\u00e3o\u00a0provis\u00f3ria\u00a0\u00e9 de 15 pessoas. (vide abaixo)<\/p><p>Presidente;<br \/>Vice-Presidente;<br \/>Secret\u00e1rio(a)-Geral;<br \/>1\u00ba Tesoureiro(a);<br \/>2\u00ba Tesoureiro(a);<br \/>Vogal;<br \/>Coordenadora municipal do PSD Mulher;<br \/>Coordenador (a) municipal do PSD Afro;<br \/>Coordenador (a) municipal do PSD Jovem.<\/p><p>** O(a) coordenador(a) do PSD dos movimentos PSD Jovem, PSD Afro e\/ou PSD Mulher n\u00e3o podem ser os mesmos membros dos demais cargos da Comiss\u00e3o.<\/p><p>OBS: \u00c9 imprescind\u00edvel que, al\u00e9m do formul\u00e1rio COMPLETAMENTE preenchido, seja enviado c\u00f3pia XEROX LEG\u00cdVEL dos documentos de: Identidade, CPF e T\u00edtulo de Eleitor DE TODOS\u00a0 OS\u00a0 MEMBROS e, do Presidente da Comiss\u00e3o \u00e9 necess\u00e1rio, al\u00e9m dos documentos j\u00e1 citados, o comprovante de endere\u00e7o.<\/p><p>Toda documenta\u00e7\u00e3o dever\u00e1 ser encaminhada via Correios para a sede Estadual do PSD-MG situada na Rua Araguari, n\u00ba 511, 9\u00ba andar, Barro Preto \u2013 Belo Horizonte\/MG \u2013 CEP: 30.190-110. De tal forma, a documenta\u00e7\u00e3o ser\u00e1 avaliada pela Comiss\u00e3o Executiva Estadual e, uma vez aprovada, ter\u00e1 encaminhamento ao TRE-MG para devida publica\u00e7\u00e3o. O acompanhamento dos tramites pode ser realizado por meio dos telefones: (31) 2555-5097\u00a0 \/\u00a0 2555-6926 ou pelo email reginapsdmg55@gmail.com.<\/p><p>Ap\u00f3s a publica\u00e7\u00e3o da Comiss\u00e3o Provis\u00f3ria \u00e9 necess\u00e1rio que o representante legal da Comiss\u00e3o providencie o CNPJ do partido. Al\u00e9m disso, \u00e9 imprescind\u00edvel a cria\u00e7\u00e3o de uma conta banc\u00e1ria para o partido.<\/p><p>IMPORTANTE: A forma\u00e7\u00e3o da\u00a0Comiss\u00e3o\u00a0Provis\u00f3ria e a filia\u00e7\u00e3o dos membros da mesma composi\u00e7\u00e3o s\u00e3o atos distintos. \u00c9 importante ressaltar todos os membros da\u00a0Comiss\u00e3o\u00a0Provis\u00f3ria devem ser filiados no partido pela pr\u00f3pria composi\u00e7\u00e3o.\u00a0O preenchimento do requerimento do partido municipal n\u00e3o significa que o membro se tornou um novo filiado. As respectivas filia\u00e7\u00f5es s\u00f3 poder\u00e3o ser realizadas no munic\u00edpio, visto que existe uma senha disponibilizada pelo Cart\u00f3rio Eleitoral para cada presidente municipal.<\/p><\/li><\/ul>\t\t\t\t\t\t\t\t<\/div>\n\t\t\t\t<\/div>\n\t\t<div class=\"elementor-element elementor-element-ae8d5bf e-con-full e-flex e-con e-child\" data-id=\"ae8d5bf\" data-element_type=\"container\">\n\t\t\t\t<div class=\"elementor-element elementor-element-1e3626c elementor-align-center elementor-widget elementor-widget-button\" data-id=\"1e3626c\" data-element_type=\"widget\" data-widget_type=\"button.default\">\n\t\t\t\t<div class=\"elementor-widget-container\">\n\t\t\t\t\t\t\t\t\t<div class=\"elementor-button-wrapper\">\n\t\t\t\t\t<a class=\"elementor-button elementor-button-link elementor-size-sm\" href=\"https:\/\/w2mktdigital.com\/psdminas\/novo-requerimento-criacao-comisao-provisoria-psd-mg\/\">\n\t\t\t\t\t\t<span class=\"elementor-button-content-wrapper\">\n\t\t\t\t\t\t<span class=\"elementor-button-icon\">\n\t\t\t\t<svg aria-hidden=\"true\" class=\"e-font-icon-svg e-far-arrow-alt-circle-down\" viewBox=\"0 0 512 512\" xmlns=\"http:\/\/www.w3.org\/2000\/svg\"><path d=\"M256 8C119 8 8 119 8 256s111 248 248 248 248-111 248-248S393 8 256 8zm0 448c-110.5 0-200-89.5-200-200S145.5 56 256 56s200 89.5 200 200-89.5 200-200 200zm-32-316v116h-67c-10.7 0-16 12.9-8.5 20.5l99 99c4.7 4.7 12.3 4.7 17 0l99-99c7.6-7.6 2.2-20.5-8.5-20.5h-67V140c0-6.6-5.4-12-12-12h-40c-6.6 0-12 5.4-12 12z\"><\/path><\/svg>\t\t\t<\/span>\n\t\t\t\t\t\t\t\t\t<span class=\"elementor-button-text\">BAIXAR REQUERIMENTO PARA A CRIA\u00c7\u00c3O DA COMISS\u00c3O PROVIS\u00d3RIA DO PSD<\/span>\n\t\t\t\t\t<\/span>\n\t\t\t\t\t<\/a>\n\t\t\t\t<\/div>\n\t\t\t\t\t\t\t\t<\/div>\n\t\t\t\t<\/div>\n\t\t\t\t<\/div>\n\t\t\t\t<\/div>\n\t\t\t\t<\/div>\n\t\t<div class=\"elementor-element elementor-element-93598c4 e-con-full e-flex e-con e-child\" data-id=\"93598c4\" data-element_type=\"container\" data-settings=\"{&quot;background_background&quot;:&quot;classic&quot;}\">\n\t\t<div class=\"elementor-element elementor-element-de6196f e-con-full e-flex e-con e-child\" data-id=\"de6196f\" data-element_type=\"container\">\n\t\t\t\t<div class=\"elementor-element elementor-element-a127389 elementor-nav-menu__align-center elementor-nav-menu--dropdown-tablet elementor-nav-menu__text-align-aside elementor-widget elementor-widget-nav-menu\" data-id=\"a127389\" data-element_type=\"widget\" data-settings=\"{&quot;layout&quot;:&quot;horizontal&quot;,&quot;submenu_icon&quot;:{&quot;value&quot;:&quot;&lt;svg class=\\&quot;e-font-icon-svg e-fas-caret-down\\&quot; viewBox=\\&quot;0 0 320 512\\&quot; xmlns=\\&quot;http:\\\/\\\/www.w3.org\\\/2000\\\/svg\\&quot;&gt;&lt;path d=\\&quot;M31.3 192h257.3c17.8 0 26.7 21.5 14.1 34.1L174.1 354.8c-7.8 7.8-20.5 7.8-28.3 0L17.2 226.1C4.6 213.5 13.5 192 31.3 192z\\&quot;&gt;&lt;\\\/path&gt;&lt;\\\/svg&gt;&quot;,&quot;library&quot;:&quot;fa-solid&quot;}}\" data-widget_type=\"nav-menu.default\">\n\t\t\t\t<div class=\"elementor-widget-container\">\n\t\t\t\t\t\t\t\t<nav aria-label=\"Menu\" class=\"elementor-nav-menu--main elementor-nav-menu__container elementor-nav-menu--layout-horizontal e--pointer-underline e--animation-fade\">\n\t\t\t\t<ul id=\"menu-1-a127389\" class=\"elementor-nav-menu\"><li class=\"menu-item menu-item-type-post_type menu-item-object-page menu-item-7413\"><a href=\"https:\/\/w2mktdigital.com\/psdminas\/quem-quem-ministro\/\" class=\"elementor-item\">Ministro<\/a><\/li>\n<li class=\"menu-item menu-item-type-post_type menu-item-object-page menu-item-7415\"><a href=\"https:\/\/w2mktdigital.com\/psdminas\/quem-quem-senador\/\" class=\"elementor-item\">Senador<\/a><\/li>\n<li class=\"menu-item menu-item-type-post_type menu-item-object-page menu-item-7416\"><a href=\"https:\/\/w2mktdigital.com\/psdminas\/quem-quem-deputados-federais\/\" class=\"elementor-item\">Deputados Federais<\/a><\/li>\n<li class=\"menu-item menu-item-type-post_type menu-item-object-page menu-item-7418\"><a href=\"https:\/\/w2mktdigital.com\/psdminas\/quem-quem-deputados-estaduais\/\" class=\"elementor-item\">Deputados Estaduais<\/a><\/li>\n<li class=\"menu-item menu-item-type-post_type menu-item-object-page menu-item-7414\"><a href=\"https:\/\/w2mktdigital.com\/psdminas\/prefeitos\/\" class=\"elementor-item\">Prefeitos<\/a><\/li>\n<li class=\"menu-item menu-item-type-post_type menu-item-object-page menu-item-7417\"><a href=\"https:\/\/w2mktdigital.com\/psdminas\/vereadores\/\" class=\"elementor-item\">Prefeitos e Vereadores<\/a><\/li>\n<\/ul>\t\t\t<\/nav>\n\t\t\t\t\t\t<nav class=\"elementor-nav-menu--dropdown elementor-nav-menu__container\" aria-hidden=\"true\">\n\t\t\t\t<ul id=\"menu-2-a127389\" class=\"elementor-nav-menu\"><li class=\"menu-item menu-item-type-post_type menu-item-object-page menu-item-7413\"><a href=\"https:\/\/w2mktdigital.com\/psdminas\/quem-quem-ministro\/\" class=\"elementor-item\" tabindex=\"-1\">Ministro<\/a><\/li>\n<li class=\"menu-item menu-item-type-post_type menu-item-object-page menu-item-7415\"><a href=\"https:\/\/w2mktdigital.com\/psdminas\/quem-quem-senador\/\" class=\"elementor-item\" tabindex=\"-1\">Senador<\/a><\/li>\n<li class=\"menu-item menu-item-type-post_type menu-item-object-page menu-item-7416\"><a href=\"https:\/\/w2mktdigital.com\/psdminas\/quem-quem-deputados-federais\/\" class=\"elementor-item\" tabindex=\"-1\">Deputados Federais<\/a><\/li>\n<li class=\"menu-item menu-item-type-post_type menu-item-object-page menu-item-7418\"><a href=\"https:\/\/w2mktdigital.com\/psdminas\/quem-quem-deputados-estaduais\/\" class=\"elementor-item\" tabindex=\"-1\">Deputados Estaduais<\/a><\/li>\n<li class=\"menu-item menu-item-type-post_type menu-item-object-page menu-item-7414\"><a href=\"https:\/\/w2mktdigital.com\/psdminas\/prefeitos\/\" class=\"elementor-item\" tabindex=\"-1\">Prefeitos<\/a><\/li>\n<li class=\"menu-item menu-item-type-post_type menu-item-object-page menu-item-7417\"><a href=\"https:\/\/w2mktdigital.com\/psdminas\/vereadores\/\" class=\"elementor-item\" tabindex=\"-1\">Prefeitos e Vereadores<\/a><\/li>\n<\/ul>\t\t\t<\/nav>\n\t\t\t\t\t\t<\/div>\n\t\t\t\t<\/div>\n\t\t\t\t<\/div>\n\t\t\t\t<\/div>\n\t\t\t\t\t<\/div>\n\t\t\t\t<\/div>\n\t\t\t\t<\/div>\n\t\t","protected":false},"excerpt":{"rendered":"<p>Comiss\u00f5es Provis\u00f3rias Passo a Passo Caso se identifique com nossa ideologia e n\u00e3o exista Comiss\u00e3o Provis\u00f3ria do PSD em seu munic\u00edpio, entre em contato conosco por meio dos telefones: (31) 2555-5097 \/ 2555-6926. Para a cria\u00e7\u00e3o de uma Comiss\u00e3o Provis\u00f3ria do PSD-MG \u00e9 necess\u00e1rio baixar o formul\u00e1rio abaixo e preench\u00ea-lo por COMPLETO, com endere\u00e7o, telefones, [&hellip;]<\/p>\n","protected":false},"author":1,"featured_media":0,"parent":0,"menu_order":0,"comment_status":"closed","ping_status":"closed","template":"","meta":{"footnotes":""},"class_list":["post-8548","page","type-page","status-publish","hentry"],"_links":{"self":[{"href":"https:\/\/w2mktdigital.com\/psdminas\/wp-json\/wp\/v2\/pages\/8548","targetHints":{"allow":["GET"]}}],"collection":[{"href":"https:\/\/w2mktdigital.com\/psdminas\/wp-json\/wp\/v2\/pages"}],"about":[{"href":"https:\/\/w2mktdigital.com\/psdminas\/wp-json\/wp\/v2\/types\/page"}],"author":[{"embeddable":true,"href":"https:\/\/w2mktdigital.com\/psdminas\/wp-json\/wp\/v2\/users\/1"}],"replies":[{"embeddable":true,"href":"https:\/\/w2mktdigital.com\/psdminas\/wp-json\/wp\/v2\/comments?post=8548"}],"version-history":[{"count":7,"href":"https:\/\/w2mktdigital.com\/psdminas\/wp-json\/wp\/v2\/pages\/8548\/revisions"}],"predecessor-version":[{"id":8557,"href":"https:\/\/w2mktdigital.com\/psdminas\/wp-json\/wp\/v2\/pages\/8548\/revisions\/8557"}],"wp:attachment":[{"href":"https:\/\/w2mktdigital.com\/psdminas\/wp-json\/wp\/v2\/media?parent=8548"}],"curies":[{"name":"wp","href":"https:\/\/api.w.org\/{rel}","templated":true}]}}