{"id":7462,"date":"2025-03-20T10:02:54","date_gmt":"2025-03-20T13:02:54","guid":{"rendered":"https:\/\/w2mktdigital.com\/psdminas\/?page_id=7462"},"modified":"2025-04-29T16:10:43","modified_gmt":"2025-04-29T19:10:43","slug":"diretorio-municipal","status":"publish","type":"page","link":"https:\/\/w2mktdigital.com\/psdminas\/diretorio-municipal\/","title":{"rendered":"Diret\u00f3rio Municipal"},"content":{"rendered":"\t\t<div data-elementor-type=\"wp-page\" data-elementor-id=\"7462\" class=\"elementor elementor-7462\" data-elementor-settings=\"{&quot;element_pack_global_tooltip_width&quot;:{&quot;unit&quot;:&quot;px&quot;,&quot;size&quot;:&quot;&quot;,&quot;sizes&quot;:[]},&quot;element_pack_global_tooltip_width_tablet&quot;:{&quot;unit&quot;:&quot;px&quot;,&quot;size&quot;:&quot;&quot;,&quot;sizes&quot;:[]},&quot;element_pack_global_tooltip_width_mobile&quot;:{&quot;unit&quot;:&quot;px&quot;,&quot;size&quot;:&quot;&quot;,&quot;sizes&quot;:[]},&quot;element_pack_global_tooltip_padding&quot;:{&quot;unit&quot;:&quot;px&quot;,&quot;top&quot;:&quot;&quot;,&quot;right&quot;:&quot;&quot;,&quot;bottom&quot;:&quot;&quot;,&quot;left&quot;:&quot;&quot;,&quot;isLinked&quot;:true},&quot;element_pack_global_tooltip_padding_tablet&quot;:{&quot;unit&quot;:&quot;px&quot;,&quot;top&quot;:&quot;&quot;,&quot;right&quot;:&quot;&quot;,&quot;bottom&quot;:&quot;&quot;,&quot;left&quot;:&quot;&quot;,&quot;isLinked&quot;:true},&quot;element_pack_global_tooltip_padding_mobile&quot;:{&quot;unit&quot;:&quot;px&quot;,&quot;top&quot;:&quot;&quot;,&quot;right&quot;:&quot;&quot;,&quot;bottom&quot;:&quot;&quot;,&quot;left&quot;:&quot;&quot;,&quot;isLinked&quot;:true},&quot;element_pack_global_tooltip_border_radius&quot;:{&quot;unit&quot;:&quot;px&quot;,&quot;top&quot;:&quot;&quot;,&quot;right&quot;:&quot;&quot;,&quot;bottom&quot;:&quot;&quot;,&quot;left&quot;:&quot;&quot;,&quot;isLinked&quot;:true},&quot;element_pack_global_tooltip_border_radius_tablet&quot;:{&quot;unit&quot;:&quot;px&quot;,&quot;top&quot;:&quot;&quot;,&quot;right&quot;:&quot;&quot;,&quot;bottom&quot;:&quot;&quot;,&quot;left&quot;:&quot;&quot;,&quot;isLinked&quot;:true},&quot;element_pack_global_tooltip_border_radius_mobile&quot;:{&quot;unit&quot;:&quot;px&quot;,&quot;top&quot;:&quot;&quot;,&quot;right&quot;:&quot;&quot;,&quot;bottom&quot;:&quot;&quot;,&quot;left&quot;:&quot;&quot;,&quot;isLinked&quot;:true}}\" data-elementor-post-type=\"page\">\n\t\t\t\t<div class=\"elementor-element elementor-element-84ddbae e-flex e-con-boxed e-con e-parent\" data-id=\"84ddbae\" data-element_type=\"container\" data-settings=\"{&quot;background_background&quot;:&quot;classic&quot;}\">\n\t\t\t\t\t<div class=\"e-con-inner\">\n\t\t<div class=\"elementor-element elementor-element-7979df4 e-con-full e-flex e-con e-child\" data-id=\"7979df4\" data-element_type=\"container\" data-settings=\"{&quot;background_background&quot;:&quot;classic&quot;}\">\n\t\t\t\t<div class=\"elementor-element elementor-element-d539455 elementor-widget elementor-widget-heading\" data-id=\"d539455\" data-element_type=\"widget\" data-widget_type=\"heading.default\">\n\t\t\t\t<div class=\"elementor-widget-container\">\n\t\t\t\t\t<h2 class=\"elementor-heading-title elementor-size-default\">Diret\u00f3rio Municipal<\/h2>\t\t\t\t<\/div>\n\t\t\t\t<\/div>\n\t\t\t\t<div class=\"elementor-element elementor-element-c737b0d elementor-widget-divider--separator-type-pattern elementor-widget-divider--view-line elementor-widget elementor-widget-divider\" data-id=\"c737b0d\" data-element_type=\"widget\" data-widget_type=\"divider.default\">\n\t\t\t\t<div class=\"elementor-widget-container\">\n\t\t\t\t\t\t\t<div class=\"elementor-divider\" style=\"--divider-pattern-url: url(&quot;data:image\/svg+xml,%3Csvg xmlns=&#039;http:\/\/www.w3.org\/2000\/svg&#039; preserveAspectRatio=&#039;none&#039; overflow=&#039;visible&#039; height=&#039;100%&#039; viewBox=&#039;0 0 24 24&#039; fill=&#039;black&#039; stroke=&#039;none&#039;%3E%3Cpolygon points=&#039;9.4,2 24,2 14.6,21.6 0,21.6&#039;\/%3E%3C\/svg%3E&quot;);\">\n\t\t\t<span class=\"elementor-divider-separator\">\n\t\t\t\t\t\t<\/span>\n\t\t<\/div>\n\t\t\t\t\t\t<\/div>\n\t\t\t\t<\/div>\n\t\t<div class=\"elementor-element elementor-element-d857c54 e-con-full e-flex e-con e-child\" data-id=\"d857c54\" data-element_type=\"container\">\n\t\t\t\t<div class=\"elementor-element elementor-element-4ceafca elementor-widget elementor-widget-text-editor\" data-id=\"4ceafca\" data-element_type=\"widget\" data-widget_type=\"text-editor.default\">\n\t\t\t\t<div class=\"elementor-widget-container\">\n\t\t\t\t\t\t\t\t\t<ul><li><h5>Informamos que, por determina\u00e7\u00e3o do PSD Nacional, n\u00e3o estamos publicando Diret\u00f3rios Municipais, apenas\u00a0<strong><a href=\"http:\/\/psd-mg.org.br\/364-2\/\">Comiss\u00f5es Provis\u00f3rias<\/a><\/strong>.<\/h5><h3>Passo-a-Passo<\/h3><p>Caso se identifique com nossa ideologia, n\u00e3o exista Diret\u00f3rio Municipal do PSD e tenha interesse de criar uma representa\u00e7\u00e3o da sigla em eu munic\u00edpio, entre em contato conosco por meio dos telefones: (31) 2555-5097\u00a0\/\u00a02555-6926.<\/p><p>Leia estatuto para verificar regras:\u00a0<a href=\"http:\/\/psd-mg.org.br\/estatuto\/\">ESTATUTO<\/a><\/p><p><strong>ORIENTA\u00c7\u00d5ES:<\/strong><\/p><p>1\u00ba \u2013 Publica\u00e7\u00e3o de Edital em Jornal de circula\u00e7\u00e3o ou em outro meio eficaz de convoca\u00e7\u00e3o com anteced\u00eancia\u00a0 m\u00ednima de 5 dias (PODE FIXAR EM UM local P\u00daBLICO). O edital dever\u00e1 informar o dia, a hora, o local da reuni\u00e3o, a mat\u00e9ria inclu\u00edda na pauta de delibera\u00e7\u00e3o (pauta: elei\u00e7\u00e3o de diret\u00f3rio) e, quando for o caso, local e per\u00edodo de funcionamento de protocolo das chapas;<\/p><p>OBS: Havendo quorum qualificado, a falta da publica\u00e7\u00e3o do edital n\u00e3o invalidar\u00e1 a Conven\u00e7\u00e3o (Quorum qualificado 20% dos que votam).<\/p><p>2\u00ba \u2013 Notifica\u00e7\u00e3o, quando poss\u00edvel dos que tenham voto;<\/p><p>3\u00ba \u2013 O Presidente do \u00f3rg\u00e3o municipal dever\u00e1 informar ao PSD ESTADUAL, a data escolhida para a realiza\u00e7\u00e3o da conven\u00e7\u00e3o, com anteced\u00eancia m\u00ednima de 5 dias, sob pena de anula\u00e7\u00e3o; a informa\u00e7\u00e3o sobre a data dever\u00e1 ser encaminhada formalmente (pode ser documento\/of\u00edcio escaneado, com a assinatura do Presidente que a convocou), para o e-mail:\u00a0<a href=\"mailto:reginaomendes55@yahoo.com.br\">reginaomendes55@yahoo.com.br<\/a>.<\/p><p><strong>Regras para a reuni\u00e3o:<\/strong><\/p><p>\u2013\u00a0 As Conven\u00e7\u00f5es ser\u00e3o convocadas e presididas pelo Presidente da respectiva Comiss\u00e3o executiva \/ Provis\u00f3ria.<\/p><p>\u2013 As delibera\u00e7\u00f5es ser\u00e3o tomadas por voto secreto,\u00a0<strong>admitida a aclama\u00e7\u00e3o quando houver uma s\u00f3 chapa registrada.<\/strong>\u00a0Para o registro de chapa, o requerimento dever\u00e1 ser abonado por pelo menos 20% dos convencionais.<\/p><p>1 \u2013 Quem vota:<\/p><p>a) membros da Comiss\u00e3o Provis\u00f3ria;<\/p><p>B) Deputados Estaduais, federais, senadores com domic\u00edlio eleitoral no munic\u00edpio;<\/p><p>c) pelos vereadores do PSD no munic\u00edpio.<\/p><p>(Quorum qualificado 20% da soma dos convencionais acima relacionados.<\/p><p>2 \u2013 Assinam a ata\u00a0<strong>(<a href=\"http:\/\/psd-mg.org.br\/wp-content\/uploads\/2019\/04\/Ata-de-Constitui%C3%A7%C3%A3o-do-Diret%C3%B3rio-Municipal-do-PSD.docx\">CLIQUE AQUI PARA BAIXAR<\/a><a href=\"http:\/\/psd-mg.org.br\/wp-content\/uploads\/2019\/04\/Modelo-Ata-Constitui%C3%A7%C3%A3o-Diret%C3%B3rio-Municipal.doc\">)<\/a>\u00a0<\/strong>e elegem o diret\u00f3rio: m\u00ednimo 10, m\u00e1ximo 35 membros. Elege tamb\u00e9m o(s) delegado(s) e conselho fiscal e de \u00e9tica (ser\u00e3o os membros do pr\u00f3prio diret\u00f3rio)<\/p><p>3 \u2013 Os membros do conselho fiscal n\u00e3o podem ser os membros da comiss\u00e3o executiva.<\/p><p>0bs: n\u00ba de Delegados:<\/p><p>\u00b7\u00a0\u00a0\u00a0\u00a0\u00a0\u00a0\u00a0\u00a0\u00a01 delegado nos munic\u00edpios com at\u00e9 100 mil eleitores;<\/p><p>\u00b7\u00a0\u00a0\u00a0\u00a0\u00a0\u00a0\u00a0\u00a0\u00a02 delegados nos munic\u00edpios com at\u00e9 500 mil eleitores;<\/p><p>\u00b7\u00a0\u00a0\u00a0\u00a0\u00a0\u00a0\u00a0\u00a0\u00a04 delegados nos munic\u00edpios com at\u00e9 1 milh\u00e3o de eleitores.<\/p><p>4 \u2013 Logo ap\u00f3s, na mesma reuni\u00e3o, em ato cont\u00ednuo, os membros do Diret\u00f3rio escolhem quais ser\u00e3o os dirigentes partid\u00e1rios\/comiss\u00e3o executiva.\u00a0<strong>(<a href=\"http:\/\/psd-mg.org.br\/wp-content\/uploads\/2019\/04\/Ata-de-Constitui%C3%A7%C3%A3o-da-Comiss%C3%A3o-Executiva-Municipal-do-PSD.docx\">CLIQUE AQUI PARA BAIXAR<\/a>)<\/strong>Importante: Informar nome, n\u00ba CPF, n\u00ba t\u00edtulo de eleitor, n\u00ba de telefone\/cel., e-mail e endere\u00e7o de todos os membros.<\/p><p>\u00c9 imprescind\u00edvel que seja enviado c\u00f3pia XEROX LEG\u00cdVEL dos documentos de: Identidade, CPF e T\u00edtulo de Eleitor dos membros da comiss\u00e3o executiva e, do Presidente da Executiva \u00e9 necess\u00e1rio, al\u00e9m dos documentos j\u00e1 citados, o comprovante de endere\u00e7o. Para simplificar, favor preencher o\u00a0REQUERIMENTO\u00a0(<strong><a href=\"http:\/\/psd-mg.org.br\/wp-content\/uploads\/2019\/04\/REQUERIMENTO-1.doc\">CLIQUE AQUI PARA BAIXAR<\/a><\/strong>), de forma leg\u00edvel.<\/p><p>5 \u2013 O texto da ata dever\u00e1 corresponder a fiel transcri\u00e7\u00e3o do ocorrido e ser\u00e1 precedido de lista de presen\u00e7as, sem deixar espa\u00e7amentos.\u00a0 A ata dever\u00e1 ser feita em texto digitado (<em>word<\/em>) para facilitar a leitura e dever\u00e1 ao final ser encerrada pelo Presidente e secret\u00e1rio dos trabalhos.<\/p><p>A c\u00f3pia das Atas e dos documentos dos membros da executiva dever\u00e3o ser entregues no PSD-MG ou encaminhados via Correios para a sede Estadual do PSD-MG situada na Rua Araguari, n\u00ba 511, 9\u00ba andar, Barro Preto \u2013 Belo Horizonte\/MG \u2013 CEP: 30.190-110, para encaminhamento ao TRE-MG para devida publica\u00e7\u00e3o. O acompanhamento dos tramites pode ser realizado por meio dos telefones: (31) 2555-5097\u00a0\/2555-6926 ou pelo e-mail\u00a0<a href=\"mailto:reginaomendes55@yahoo.com.br\" target=\"_blank\" rel=\"noreferrer noopener\">reginaomendes55@yahoo.com.br<\/a>.<\/p><p>Ap\u00f3s a publica\u00e7\u00e3o do Diret\u00f3rio Municipal \u00e9 necess\u00e1rio que o representante legal do Diret\u00f3rio providencie o CNPJ do partido e informe o n\u00famero a sede Estadual para que a documenta\u00e7\u00e3o seja lan\u00e7ada na certid\u00e3o junto ao TRE-MG.<\/p><p>IMPORTANTE: A forma\u00e7\u00e3o do Diret\u00f3rio Municipal e a filia\u00e7\u00e3o dos membros da mesma composi\u00e7\u00e3o s\u00e3o atos distintos. \u00c9 importante ressaltar todos os membros do Diret\u00f3rio devem ser filiados no partido pela pr\u00f3pria composi\u00e7\u00e3o.\u00a0O preenchimento do requerimento do partido municipal n\u00e3o significa que o membro se tornou um novo filiado. As respectivas filia\u00e7\u00f5es s\u00f3 poder\u00e3o ser realizadas no munic\u00edpio, visto que existe uma senha disponibilizada pelo Cart\u00f3rio Eleitoral para cada presidente municipal.<\/p><\/li><\/ul>\t\t\t\t\t\t\t\t<\/div>\n\t\t\t\t<\/div>\n\t\t<div class=\"elementor-element elementor-element-ae8d5bf e-con-full e-flex e-con e-child\" data-id=\"ae8d5bf\" data-element_type=\"container\">\n\t\t\t\t<\/div>\n\t\t\t\t<\/div>\n\t\t\t\t<\/div>\n\t\t<div class=\"elementor-element elementor-element-93598c4 e-con-full e-flex e-con e-child\" data-id=\"93598c4\" data-element_type=\"container\" data-settings=\"{&quot;background_background&quot;:&quot;classic&quot;}\">\n\t\t<div class=\"elementor-element elementor-element-de6196f e-con-full e-flex e-con e-child\" data-id=\"de6196f\" data-element_type=\"container\">\n\t\t\t\t<div class=\"elementor-element elementor-element-a127389 elementor-nav-menu__align-center elementor-nav-menu--dropdown-tablet elementor-nav-menu__text-align-aside elementor-widget elementor-widget-nav-menu\" data-id=\"a127389\" data-element_type=\"widget\" data-settings=\"{&quot;layout&quot;:&quot;horizontal&quot;,&quot;submenu_icon&quot;:{&quot;value&quot;:&quot;&lt;svg class=\\&quot;e-font-icon-svg e-fas-caret-down\\&quot; viewBox=\\&quot;0 0 320 512\\&quot; xmlns=\\&quot;http:\\\/\\\/www.w3.org\\\/2000\\\/svg\\&quot;&gt;&lt;path d=\\&quot;M31.3 192h257.3c17.8 0 26.7 21.5 14.1 34.1L174.1 354.8c-7.8 7.8-20.5 7.8-28.3 0L17.2 226.1C4.6 213.5 13.5 192 31.3 192z\\&quot;&gt;&lt;\\\/path&gt;&lt;\\\/svg&gt;&quot;,&quot;library&quot;:&quot;fa-solid&quot;}}\" data-widget_type=\"nav-menu.default\">\n\t\t\t\t<div class=\"elementor-widget-container\">\n\t\t\t\t\t\t\t\t<nav aria-label=\"Menu\" class=\"elementor-nav-menu--main elementor-nav-menu__container elementor-nav-menu--layout-horizontal e--pointer-underline e--animation-fade\">\n\t\t\t\t<ul id=\"menu-1-a127389\" class=\"elementor-nav-menu\"><li class=\"menu-item menu-item-type-post_type menu-item-object-page menu-item-7413\"><a href=\"https:\/\/w2mktdigital.com\/psdminas\/quem-quem-ministro\/\" class=\"elementor-item\">Ministro<\/a><\/li>\n<li class=\"menu-item menu-item-type-post_type menu-item-object-page menu-item-7415\"><a href=\"https:\/\/w2mktdigital.com\/psdminas\/quem-quem-senador\/\" class=\"elementor-item\">Senador<\/a><\/li>\n<li class=\"menu-item menu-item-type-post_type menu-item-object-page menu-item-7416\"><a href=\"https:\/\/w2mktdigital.com\/psdminas\/quem-quem-deputados-federais\/\" class=\"elementor-item\">Deputados Federais<\/a><\/li>\n<li class=\"menu-item menu-item-type-post_type menu-item-object-page menu-item-7418\"><a href=\"https:\/\/w2mktdigital.com\/psdminas\/quem-quem-deputados-estaduais\/\" class=\"elementor-item\">Deputados Estaduais<\/a><\/li>\n<li class=\"menu-item menu-item-type-post_type menu-item-object-page menu-item-7414\"><a href=\"https:\/\/w2mktdigital.com\/psdminas\/prefeitos\/\" class=\"elementor-item\">Prefeitos<\/a><\/li>\n<li class=\"menu-item menu-item-type-post_type menu-item-object-page menu-item-7417\"><a href=\"https:\/\/w2mktdigital.com\/psdminas\/vereadores\/\" class=\"elementor-item\">Prefeitos e Vereadores<\/a><\/li>\n<\/ul>\t\t\t<\/nav>\n\t\t\t\t\t\t<nav class=\"elementor-nav-menu--dropdown elementor-nav-menu__container\" aria-hidden=\"true\">\n\t\t\t\t<ul id=\"menu-2-a127389\" class=\"elementor-nav-menu\"><li class=\"menu-item menu-item-type-post_type menu-item-object-page menu-item-7413\"><a href=\"https:\/\/w2mktdigital.com\/psdminas\/quem-quem-ministro\/\" class=\"elementor-item\" tabindex=\"-1\">Ministro<\/a><\/li>\n<li class=\"menu-item menu-item-type-post_type menu-item-object-page menu-item-7415\"><a href=\"https:\/\/w2mktdigital.com\/psdminas\/quem-quem-senador\/\" class=\"elementor-item\" tabindex=\"-1\">Senador<\/a><\/li>\n<li class=\"menu-item menu-item-type-post_type menu-item-object-page menu-item-7416\"><a href=\"https:\/\/w2mktdigital.com\/psdminas\/quem-quem-deputados-federais\/\" class=\"elementor-item\" tabindex=\"-1\">Deputados Federais<\/a><\/li>\n<li class=\"menu-item menu-item-type-post_type menu-item-object-page menu-item-7418\"><a href=\"https:\/\/w2mktdigital.com\/psdminas\/quem-quem-deputados-estaduais\/\" class=\"elementor-item\" tabindex=\"-1\">Deputados Estaduais<\/a><\/li>\n<li class=\"menu-item menu-item-type-post_type menu-item-object-page menu-item-7414\"><a href=\"https:\/\/w2mktdigital.com\/psdminas\/prefeitos\/\" class=\"elementor-item\" tabindex=\"-1\">Prefeitos<\/a><\/li>\n<li class=\"menu-item menu-item-type-post_type menu-item-object-page menu-item-7417\"><a href=\"https:\/\/w2mktdigital.com\/psdminas\/vereadores\/\" class=\"elementor-item\" tabindex=\"-1\">Prefeitos e Vereadores<\/a><\/li>\n<\/ul>\t\t\t<\/nav>\n\t\t\t\t\t\t<\/div>\n\t\t\t\t<\/div>\n\t\t\t\t<\/div>\n\t\t\t\t<\/div>\n\t\t\t\t\t<\/div>\n\t\t\t\t<\/div>\n\t\t\t\t<\/div>\n\t\t","protected":false},"excerpt":{"rendered":"<p>Diret\u00f3rio Municipal Informamos que, por determina\u00e7\u00e3o do PSD Nacional, n\u00e3o estamos publicando Diret\u00f3rios Municipais, apenas\u00a0Comiss\u00f5es Provis\u00f3rias. Passo-a-Passo Caso se identifique com nossa ideologia, n\u00e3o exista Diret\u00f3rio Municipal do PSD e tenha interesse de criar uma representa\u00e7\u00e3o da sigla em eu munic\u00edpio, entre em contato conosco por meio dos telefones: (31) 2555-5097\u00a0\/\u00a02555-6926. Leia estatuto para verificar [&hellip;]<\/p>\n","protected":false},"author":1,"featured_media":0,"parent":0,"menu_order":0,"comment_status":"closed","ping_status":"closed","template":"","meta":{"footnotes":""},"class_list":["post-7462","page","type-page","status-publish","hentry"],"_links":{"self":[{"href":"https:\/\/w2mktdigital.com\/psdminas\/wp-json\/wp\/v2\/pages\/7462","targetHints":{"allow":["GET"]}}],"collection":[{"href":"https:\/\/w2mktdigital.com\/psdminas\/wp-json\/wp\/v2\/pages"}],"about":[{"href":"https:\/\/w2mktdigital.com\/psdminas\/wp-json\/wp\/v2\/types\/page"}],"author":[{"embeddable":true,"href":"https:\/\/w2mktdigital.com\/psdminas\/wp-json\/wp\/v2\/users\/1"}],"replies":[{"embeddable":true,"href":"https:\/\/w2mktdigital.com\/psdminas\/wp-json\/wp\/v2\/comments?post=7462"}],"version-history":[{"count":7,"href":"https:\/\/w2mktdigital.com\/psdminas\/wp-json\/wp\/v2\/pages\/7462\/revisions"}],"predecessor-version":[{"id":8786,"href":"https:\/\/w2mktdigital.com\/psdminas\/wp-json\/wp\/v2\/pages\/7462\/revisions\/8786"}],"wp:attachment":[{"href":"https:\/\/w2mktdigital.com\/psdminas\/wp-json\/wp\/v2\/media?parent=7462"}],"curies":[{"name":"wp","href":"https:\/\/api.w.org\/{rel}","templated":true}]}}