{"id":6592,"date":"2025-03-03T12:36:35","date_gmt":"2025-03-03T12:36:35","guid":{"rendered":"https:\/\/w2mktdigital.com\/psdminas\/?page_id=6592"},"modified":"2025-04-22T17:02:58","modified_gmt":"2025-04-22T20:02:58","slug":"sobre-psd","status":"publish","type":"page","link":"https:\/\/w2mktdigital.com\/psdminas\/sobre-psd\/","title":{"rendered":"PSD MG"},"content":{"rendered":"\t\t<div data-elementor-type=\"wp-page\" data-elementor-id=\"6592\" class=\"elementor elementor-6592\" data-elementor-settings=\"{&quot;element_pack_global_tooltip_width&quot;:{&quot;unit&quot;:&quot;px&quot;,&quot;size&quot;:&quot;&quot;,&quot;sizes&quot;:[]},&quot;element_pack_global_tooltip_width_tablet&quot;:{&quot;unit&quot;:&quot;px&quot;,&quot;size&quot;:&quot;&quot;,&quot;sizes&quot;:[]},&quot;element_pack_global_tooltip_width_mobile&quot;:{&quot;unit&quot;:&quot;px&quot;,&quot;size&quot;:&quot;&quot;,&quot;sizes&quot;:[]},&quot;element_pack_global_tooltip_padding&quot;:{&quot;unit&quot;:&quot;px&quot;,&quot;top&quot;:&quot;&quot;,&quot;right&quot;:&quot;&quot;,&quot;bottom&quot;:&quot;&quot;,&quot;left&quot;:&quot;&quot;,&quot;isLinked&quot;:true},&quot;element_pack_global_tooltip_padding_tablet&quot;:{&quot;unit&quot;:&quot;px&quot;,&quot;top&quot;:&quot;&quot;,&quot;right&quot;:&quot;&quot;,&quot;bottom&quot;:&quot;&quot;,&quot;left&quot;:&quot;&quot;,&quot;isLinked&quot;:true},&quot;element_pack_global_tooltip_padding_mobile&quot;:{&quot;unit&quot;:&quot;px&quot;,&quot;top&quot;:&quot;&quot;,&quot;right&quot;:&quot;&quot;,&quot;bottom&quot;:&quot;&quot;,&quot;left&quot;:&quot;&quot;,&quot;isLinked&quot;:true},&quot;element_pack_global_tooltip_border_radius&quot;:{&quot;unit&quot;:&quot;px&quot;,&quot;top&quot;:&quot;&quot;,&quot;right&quot;:&quot;&quot;,&quot;bottom&quot;:&quot;&quot;,&quot;left&quot;:&quot;&quot;,&quot;isLinked&quot;:true},&quot;element_pack_global_tooltip_border_radius_tablet&quot;:{&quot;unit&quot;:&quot;px&quot;,&quot;top&quot;:&quot;&quot;,&quot;right&quot;:&quot;&quot;,&quot;bottom&quot;:&quot;&quot;,&quot;left&quot;:&quot;&quot;,&quot;isLinked&quot;:true},&quot;element_pack_global_tooltip_border_radius_mobile&quot;:{&quot;unit&quot;:&quot;px&quot;,&quot;top&quot;:&quot;&quot;,&quot;right&quot;:&quot;&quot;,&quot;bottom&quot;:&quot;&quot;,&quot;left&quot;:&quot;&quot;,&quot;isLinked&quot;:true}}\" data-elementor-post-type=\"page\">\n\t\t\t\t<div class=\"elementor-element elementor-element-84ddbae e-flex e-con-boxed e-con e-parent\" data-id=\"84ddbae\" data-element_type=\"container\" data-settings=\"{&quot;background_background&quot;:&quot;classic&quot;}\">\n\t\t\t\t\t<div class=\"e-con-inner\">\n\t\t<div class=\"elementor-element elementor-element-7979df4 e-con-full e-flex e-con e-child\" data-id=\"7979df4\" data-element_type=\"container\" data-settings=\"{&quot;background_background&quot;:&quot;classic&quot;}\">\n\t\t\t\t<div class=\"elementor-element elementor-element-d539455 elementor-widget elementor-widget-heading\" data-id=\"d539455\" data-element_type=\"widget\" data-widget_type=\"heading.default\">\n\t\t\t\t<div class=\"elementor-widget-container\">\n\t\t\t\t\t<h2 class=\"elementor-heading-title elementor-size-default\">Sobre PSD MG<\/h2>\t\t\t\t<\/div>\n\t\t\t\t<\/div>\n\t\t\t\t<div class=\"elementor-element elementor-element-c737b0d elementor-widget-divider--separator-type-pattern elementor-widget-divider--view-line elementor-widget elementor-widget-divider\" data-id=\"c737b0d\" data-element_type=\"widget\" data-widget_type=\"divider.default\">\n\t\t\t\t<div class=\"elementor-widget-container\">\n\t\t\t\t\t\t\t<div class=\"elementor-divider\" style=\"--divider-pattern-url: url(&quot;data:image\/svg+xml,%3Csvg xmlns=&#039;http:\/\/www.w3.org\/2000\/svg&#039; preserveAspectRatio=&#039;none&#039; overflow=&#039;visible&#039; height=&#039;100%&#039; viewBox=&#039;0 0 24 24&#039; fill=&#039;black&#039; stroke=&#039;none&#039;%3E%3Cpolygon points=&#039;9.4,2 24,2 14.6,21.6 0,21.6&#039;\/%3E%3C\/svg%3E&quot;);\">\n\t\t\t<span class=\"elementor-divider-separator\">\n\t\t\t\t\t\t<\/span>\n\t\t<\/div>\n\t\t\t\t\t\t<\/div>\n\t\t\t\t<\/div>\n\t\t<div class=\"elementor-element elementor-element-d857c54 e-con-full e-flex e-con e-child\" data-id=\"d857c54\" data-element_type=\"container\">\n\t\t\t\t<div class=\"elementor-element elementor-element-4ceafca elementor-widget elementor-widget-text-editor\" data-id=\"4ceafca\" data-element_type=\"widget\" data-widget_type=\"text-editor.default\">\n\t\t\t\t<div class=\"elementor-widget-container\">\n\t\t\t\t\t\t\t\t\t<ul><li>O Partido Social Democr\u00e1tico de Minas Gerais teve o registro concedido pelo Tribunal Regional Eleitoral do Estado em 30 de setembro de 2011. A sigla nasceu contando com grandes for\u00e7as pol\u00edticas mineiras.<p>Atualmente conta com:<\/p><ul><li>1 Ministro,<\/li><li>1 Senador da Rep\u00fablica,<\/li><li>5 Deputados Federais,<\/li><li>10 Deputados Estaduais,<\/li><li>141 Prefeitos(as),<\/li><li>113 Vice-prefeitos(as),<\/li><li>968 Vereadores(as),<\/li><\/ul><\/li><\/ul>\t\t\t\t\t\t\t\t<\/div>\n\t\t\t\t<\/div>\n\t\t\t\t<\/div>\n\t\t\t\t<\/div>\n\t\t<div class=\"elementor-element elementor-element-93598c4 e-con-full e-flex e-con e-child\" data-id=\"93598c4\" data-element_type=\"container\" data-settings=\"{&quot;background_background&quot;:&quot;classic&quot;}\">\n\t\t<div class=\"elementor-element elementor-element-de6196f e-con-full e-flex e-con e-child\" data-id=\"de6196f\" data-element_type=\"container\">\n\t\t\t\t<div class=\"elementor-element elementor-element-a127389 elementor-nav-menu__align-center elementor-nav-menu--dropdown-tablet elementor-nav-menu__text-align-aside elementor-widget elementor-widget-nav-menu\" data-id=\"a127389\" data-element_type=\"widget\" data-settings=\"{&quot;layout&quot;:&quot;horizontal&quot;,&quot;submenu_icon&quot;:{&quot;value&quot;:&quot;&lt;svg class=\\&quot;e-font-icon-svg e-fas-caret-down\\&quot; viewBox=\\&quot;0 0 320 512\\&quot; xmlns=\\&quot;http:\\\/\\\/www.w3.org\\\/2000\\\/svg\\&quot;&gt;&lt;path d=\\&quot;M31.3 192h257.3c17.8 0 26.7 21.5 14.1 34.1L174.1 354.8c-7.8 7.8-20.5 7.8-28.3 0L17.2 226.1C4.6 213.5 13.5 192 31.3 192z\\&quot;&gt;&lt;\\\/path&gt;&lt;\\\/svg&gt;&quot;,&quot;library&quot;:&quot;fa-solid&quot;}}\" data-widget_type=\"nav-menu.default\">\n\t\t\t\t<div class=\"elementor-widget-container\">\n\t\t\t\t\t\t\t\t<nav aria-label=\"Menu\" class=\"elementor-nav-menu--main elementor-nav-menu__container elementor-nav-menu--layout-horizontal e--pointer-underline e--animation-fade\">\n\t\t\t\t<ul id=\"menu-1-a127389\" class=\"elementor-nav-menu\"><li class=\"menu-item menu-item-type-post_type menu-item-object-page menu-item-7413\"><a href=\"https:\/\/w2mktdigital.com\/psdminas\/quem-quem-ministro\/\" class=\"elementor-item\">Ministro<\/a><\/li>\n<li class=\"menu-item menu-item-type-post_type menu-item-object-page menu-item-7415\"><a href=\"https:\/\/w2mktdigital.com\/psdminas\/quem-quem-senador\/\" class=\"elementor-item\">Senador<\/a><\/li>\n<li class=\"menu-item menu-item-type-post_type menu-item-object-page menu-item-7416\"><a href=\"https:\/\/w2mktdigital.com\/psdminas\/quem-quem-deputados-federais\/\" class=\"elementor-item\">Deputados Federais<\/a><\/li>\n<li class=\"menu-item menu-item-type-post_type menu-item-object-page menu-item-7418\"><a href=\"https:\/\/w2mktdigital.com\/psdminas\/quem-quem-deputados-estaduais\/\" class=\"elementor-item\">Deputados Estaduais<\/a><\/li>\n<li class=\"menu-item menu-item-type-post_type menu-item-object-page menu-item-7414\"><a href=\"https:\/\/w2mktdigital.com\/psdminas\/prefeitos\/\" class=\"elementor-item\">Prefeitos<\/a><\/li>\n<li class=\"menu-item menu-item-type-post_type menu-item-object-page menu-item-7417\"><a href=\"https:\/\/w2mktdigital.com\/psdminas\/vereadores\/\" class=\"elementor-item\">Prefeitos e Vereadores<\/a><\/li>\n<\/ul>\t\t\t<\/nav>\n\t\t\t\t\t\t<nav class=\"elementor-nav-menu--dropdown elementor-nav-menu__container\" aria-hidden=\"true\">\n\t\t\t\t<ul id=\"menu-2-a127389\" class=\"elementor-nav-menu\"><li class=\"menu-item menu-item-type-post_type menu-item-object-page menu-item-7413\"><a href=\"https:\/\/w2mktdigital.com\/psdminas\/quem-quem-ministro\/\" class=\"elementor-item\" tabindex=\"-1\">Ministro<\/a><\/li>\n<li class=\"menu-item menu-item-type-post_type menu-item-object-page menu-item-7415\"><a href=\"https:\/\/w2mktdigital.com\/psdminas\/quem-quem-senador\/\" class=\"elementor-item\" tabindex=\"-1\">Senador<\/a><\/li>\n<li class=\"menu-item menu-item-type-post_type menu-item-object-page menu-item-7416\"><a href=\"https:\/\/w2mktdigital.com\/psdminas\/quem-quem-deputados-federais\/\" class=\"elementor-item\" tabindex=\"-1\">Deputados Federais<\/a><\/li>\n<li class=\"menu-item menu-item-type-post_type menu-item-object-page menu-item-7418\"><a href=\"https:\/\/w2mktdigital.com\/psdminas\/quem-quem-deputados-estaduais\/\" class=\"elementor-item\" tabindex=\"-1\">Deputados Estaduais<\/a><\/li>\n<li class=\"menu-item menu-item-type-post_type menu-item-object-page menu-item-7414\"><a href=\"https:\/\/w2mktdigital.com\/psdminas\/prefeitos\/\" class=\"elementor-item\" tabindex=\"-1\">Prefeitos<\/a><\/li>\n<li class=\"menu-item menu-item-type-post_type menu-item-object-page menu-item-7417\"><a href=\"https:\/\/w2mktdigital.com\/psdminas\/vereadores\/\" class=\"elementor-item\" tabindex=\"-1\">Prefeitos e Vereadores<\/a><\/li>\n<\/ul>\t\t\t<\/nav>\n\t\t\t\t\t\t<\/div>\n\t\t\t\t<\/div>\n\t\t\t\t<\/div>\n\t\t\t\t<\/div>\n\t\t\t\t\t<\/div>\n\t\t\t\t<\/div>\n\t\t\t\t<\/div>\n\t\t","protected":false},"excerpt":{"rendered":"<p>Sobre PSD MG O Partido Social Democr\u00e1tico de Minas Gerais teve o registro concedido pelo Tribunal Regional Eleitoral do Estado em 30 de setembro de 2011. A sigla nasceu contando com grandes for\u00e7as pol\u00edticas mineiras. Atualmente conta com: 1 Ministro, 1 Senador da Rep\u00fablica, 5 Deputados Federais, 10 Deputados Estaduais, 141 Prefeitos(as), 113 Vice-prefeitos(as), 968 [&hellip;]<\/p>\n","protected":false},"author":1,"featured_media":0,"parent":0,"menu_order":0,"comment_status":"closed","ping_status":"closed","template":"","meta":{"footnotes":""},"class_list":["post-6592","page","type-page","status-publish","hentry"],"_links":{"self":[{"href":"https:\/\/w2mktdigital.com\/psdminas\/wp-json\/wp\/v2\/pages\/6592","targetHints":{"allow":["GET"]}}],"collection":[{"href":"https:\/\/w2mktdigital.com\/psdminas\/wp-json\/wp\/v2\/pages"}],"about":[{"href":"https:\/\/w2mktdigital.com\/psdminas\/wp-json\/wp\/v2\/types\/page"}],"author":[{"embeddable":true,"href":"https:\/\/w2mktdigital.com\/psdminas\/wp-json\/wp\/v2\/users\/1"}],"replies":[{"embeddable":true,"href":"https:\/\/w2mktdigital.com\/psdminas\/wp-json\/wp\/v2\/comments?post=6592"}],"version-history":[{"count":37,"href":"https:\/\/w2mktdigital.com\/psdminas\/wp-json\/wp\/v2\/pages\/6592\/revisions"}],"predecessor-version":[{"id":8612,"href":"https:\/\/w2mktdigital.com\/psdminas\/wp-json\/wp\/v2\/pages\/6592\/revisions\/8612"}],"wp:attachment":[{"href":"https:\/\/w2mktdigital.com\/psdminas\/wp-json\/wp\/v2\/media?parent=6592"}],"curies":[{"name":"wp","href":"https:\/\/api.w.org\/{rel}","templated":true}]}}