{"id":6563,"date":"2025-03-02T20:36:06","date_gmt":"2025-03-02T20:36:06","guid":{"rendered":"https:\/\/w2mktdigital.com\/psdminas\/?page_id=6563"},"modified":"2025-05-30T12:08:31","modified_gmt":"2025-05-30T15:08:31","slug":"filie-se-psd-mg","status":"publish","type":"page","link":"https:\/\/w2mktdigital.com\/psdminas\/filie-se-psd-mg\/","title":{"rendered":"Filie-se PSD-MG"},"content":{"rendered":"\t\t<div data-elementor-type=\"wp-page\" data-elementor-id=\"6563\" class=\"elementor elementor-6563\" data-elementor-settings=\"{&quot;element_pack_global_tooltip_width&quot;:{&quot;unit&quot;:&quot;px&quot;,&quot;size&quot;:&quot;&quot;,&quot;sizes&quot;:[]},&quot;element_pack_global_tooltip_width_tablet&quot;:{&quot;unit&quot;:&quot;px&quot;,&quot;size&quot;:&quot;&quot;,&quot;sizes&quot;:[]},&quot;element_pack_global_tooltip_width_mobile&quot;:{&quot;unit&quot;:&quot;px&quot;,&quot;size&quot;:&quot;&quot;,&quot;sizes&quot;:[]},&quot;element_pack_global_tooltip_padding&quot;:{&quot;unit&quot;:&quot;px&quot;,&quot;top&quot;:&quot;&quot;,&quot;right&quot;:&quot;&quot;,&quot;bottom&quot;:&quot;&quot;,&quot;left&quot;:&quot;&quot;,&quot;isLinked&quot;:true},&quot;element_pack_global_tooltip_padding_tablet&quot;:{&quot;unit&quot;:&quot;px&quot;,&quot;top&quot;:&quot;&quot;,&quot;right&quot;:&quot;&quot;,&quot;bottom&quot;:&quot;&quot;,&quot;left&quot;:&quot;&quot;,&quot;isLinked&quot;:true},&quot;element_pack_global_tooltip_padding_mobile&quot;:{&quot;unit&quot;:&quot;px&quot;,&quot;top&quot;:&quot;&quot;,&quot;right&quot;:&quot;&quot;,&quot;bottom&quot;:&quot;&quot;,&quot;left&quot;:&quot;&quot;,&quot;isLinked&quot;:true},&quot;element_pack_global_tooltip_border_radius&quot;:{&quot;unit&quot;:&quot;px&quot;,&quot;top&quot;:&quot;&quot;,&quot;right&quot;:&quot;&quot;,&quot;bottom&quot;:&quot;&quot;,&quot;left&quot;:&quot;&quot;,&quot;isLinked&quot;:true},&quot;element_pack_global_tooltip_border_radius_tablet&quot;:{&quot;unit&quot;:&quot;px&quot;,&quot;top&quot;:&quot;&quot;,&quot;right&quot;:&quot;&quot;,&quot;bottom&quot;:&quot;&quot;,&quot;left&quot;:&quot;&quot;,&quot;isLinked&quot;:true},&quot;element_pack_global_tooltip_border_radius_mobile&quot;:{&quot;unit&quot;:&quot;px&quot;,&quot;top&quot;:&quot;&quot;,&quot;right&quot;:&quot;&quot;,&quot;bottom&quot;:&quot;&quot;,&quot;left&quot;:&quot;&quot;,&quot;isLinked&quot;:true}}\" data-elementor-post-type=\"page\">\n\t\t\t\t<div class=\"elementor-element elementor-element-84ddbae e-flex e-con-boxed e-con e-parent\" data-id=\"84ddbae\" data-element_type=\"container\">\n\t\t\t\t\t<div class=\"e-con-inner\">\n\t\t<div class=\"elementor-element elementor-element-7979df4 e-con-full e-flex e-con e-child\" data-id=\"7979df4\" data-element_type=\"container\" data-settings=\"{&quot;background_background&quot;:&quot;classic&quot;}\">\n\t\t\t\t<div class=\"elementor-element elementor-element-d539455 elementor-widget elementor-widget-heading\" data-id=\"d539455\" data-element_type=\"widget\" data-widget_type=\"heading.default\">\n\t\t\t\t<div class=\"elementor-widget-container\">\n\t\t\t\t\t<h2 class=\"elementor-heading-title elementor-size-default\">Filie-se ao PSD - \nPartido Social Democr\u00e1tico - MG<\/h2>\t\t\t\t<\/div>\n\t\t\t\t<\/div>\n\t\t\t\t<div class=\"elementor-element elementor-element-c737b0d elementor-widget-divider--separator-type-pattern elementor-widget-divider--view-line elementor-widget elementor-widget-divider\" data-id=\"c737b0d\" data-element_type=\"widget\" data-widget_type=\"divider.default\">\n\t\t\t\t<div class=\"elementor-widget-container\">\n\t\t\t\t\t\t\t<div class=\"elementor-divider\" style=\"--divider-pattern-url: url(&quot;data:image\/svg+xml,%3Csvg xmlns=&#039;http:\/\/www.w3.org\/2000\/svg&#039; preserveAspectRatio=&#039;none&#039; overflow=&#039;visible&#039; height=&#039;100%&#039; viewBox=&#039;0 0 24 24&#039; fill=&#039;black&#039; stroke=&#039;none&#039;%3E%3Cpolygon points=&#039;9.4,2 24,2 14.6,21.6 0,21.6&#039;\/%3E%3C\/svg%3E&quot;);\">\n\t\t\t<span class=\"elementor-divider-separator\">\n\t\t\t\t\t\t<\/span>\n\t\t<\/div>\n\t\t\t\t\t\t<\/div>\n\t\t\t\t<\/div>\n\t\t\t\t<div class=\"elementor-element elementor-element-df5f74e elementor-widget elementor-widget-heading\" data-id=\"df5f74e\" data-element_type=\"widget\" data-widget_type=\"heading.default\">\n\t\t\t\t<div class=\"elementor-widget-container\">\n\t\t\t\t\t<h2 class=\"elementor-heading-title elementor-size-default\">Quer fazer parte do PSD? \u00c9 r\u00e1pido e f\u00e1cil! Preencha o formul\u00e1rio abaixo e entraremos em contato para fazer a sua filia\u00e7\u00e3o.<\/h2>\t\t\t\t<\/div>\n\t\t\t\t<\/div>\n\t\t\t\t<\/div>\n\t\t\t\t\t<\/div>\n\t\t\t\t<\/div>\n\t\t<div class=\"elementor-element elementor-element-1e6dcaf e-flex e-con-boxed e-con e-parent\" data-id=\"1e6dcaf\" data-element_type=\"container\">\n\t\t\t\t\t<div class=\"e-con-inner\">\n\t\t\t\t<div class=\"elementor-element elementor-element-1349bbe elementor-button-align-stretch elementor-widget elementor-widget-form\" data-id=\"1349bbe\" data-element_type=\"widget\" data-settings=\"{&quot;step_next_label&quot;:&quot;PR\\u00d3XIMO&quot;,&quot;step_previous_label&quot;:&quot;VOLTAR&quot;,&quot;button_width&quot;:&quot;100&quot;,&quot;step_type&quot;:&quot;number_text&quot;,&quot;step_icon_shape&quot;:&quot;circle&quot;}\" data-widget_type=\"form.default\">\n\t\t\t\t<div class=\"elementor-widget-container\">\n\t\t\t\t\t\t\t<form class=\"elementor-form\" method=\"post\" name=\"filie-se-PSD\">\n\t\t\t<input type=\"hidden\" name=\"post_id\" value=\"6563\"\/>\n\t\t\t<input type=\"hidden\" name=\"form_id\" value=\"1349bbe\"\/>\n\t\t\t<input type=\"hidden\" name=\"referer_title\" value=\"\" \/>\n\n\t\t\t\n\t\t\t<div class=\"elementor-form-fields-wrapper elementor-labels-\">\n\t\t\t\t\t\t\t\t<div class=\"elementor-field-type-step elementor-field-group elementor-column elementor-field-group-field_ea6f806 elementor-col-100\">\n\t\t\t\t\t\t\t<div class=\"e-field-step elementor-hidden\" data-label=\"\" data-previousButton=\"\" data-nextButton=\"\" data-iconUrl=\"\" data-iconLibrary=\"fas fa-star\" data-icon=\"&lt;svg class=&quot;e-font-icon-svg e-fas-star&quot; viewBox=&quot;0 0 576 512&quot; xmlns=&quot;http:\/\/www.w3.org\/2000\/svg&quot;&gt;&lt;path d=&quot;M259.3 17.8L194 150.2 47.9 171.5c-26.2 3.8-36.7 36.1-17.7 54.6l105.7 103-25 145.5c-4.5 26.3 23.2 46 46.4 33.7L288 439.6l130.7 68.7c23.2 12.2 50.9-7.4 46.4-33.7l-25-145.5 105.7-103c19-18.5 8.5-50.8-17.7-54.6L382 150.2 316.7 17.8c-11.7-23.6-45.6-23.9-57.4 0z&quot;&gt;&lt;\/path&gt;&lt;\/svg&gt;\" ><\/div>\n\n\t\t\t\t\t\t<\/div>\n\t\t\t\t\t\t\t\t<div class=\"elementor-field-type-text elementor-field-group elementor-column elementor-field-group-name elementor-col-100\">\n\t\t\t\t\t\t\t\t\t\t\t\t<label for=\"form-field-name\" class=\"elementor-field-label elementor-screen-only\">\n\t\t\t\t\t\t\t\tNome Completo:\t\t\t\t\t\t\t<\/label>\n\t\t\t\t\t\t\t\t\t\t\t\t\t\t<input size=\"1\" type=\"text\" name=\"form_fields[name]\" id=\"form-field-name\" class=\"elementor-field elementor-size-md  elementor-field-textual\" placeholder=\"Nome completo:\">\n\t\t\t\t\t\t\t\t\t\t\t<\/div>\n\t\t\t\t\t\t\t\t<div class=\"elementor-field-type-text elementor-field-group elementor-column elementor-field-group-field_54ba648 elementor-col-50 elementor-field-required\">\n\t\t\t\t\t\t\t\t\t\t\t\t<label for=\"form-field-field_54ba648\" class=\"elementor-field-label elementor-screen-only\">\n\t\t\t\t\t\t\t\tEndere\u00e7o Residencial:\t\t\t\t\t\t\t<\/label>\n\t\t\t\t\t\t\t\t\t\t\t\t\t\t<input size=\"1\" type=\"text\" name=\"form_fields[field_54ba648]\" id=\"form-field-field_54ba648\" class=\"elementor-field elementor-size-md  elementor-field-textual\" placeholder=\"Endere\u00e7o Residencial:\" required=\"required\">\n\t\t\t\t\t\t\t\t\t\t\t<\/div>\n\t\t\t\t\t\t\t\t<div class=\"elementor-field-type-text elementor-field-group elementor-column elementor-field-group-field_220be5a elementor-col-25 elementor-field-required\">\n\t\t\t\t\t\t\t\t\t\t\t\t<label for=\"form-field-field_220be5a\" class=\"elementor-field-label elementor-screen-only\">\n\t\t\t\t\t\t\t\tMunic\u00edpio:\t\t\t\t\t\t\t<\/label>\n\t\t\t\t\t\t\t\t\t\t\t\t\t\t<input size=\"1\" type=\"text\" name=\"form_fields[field_220be5a]\" id=\"form-field-field_220be5a\" class=\"elementor-field elementor-size-md  elementor-field-textual\" placeholder=\"Munic\u00edpio:\" required=\"required\">\n\t\t\t\t\t\t\t\t\t\t\t<\/div>\n\t\t\t\t\t\t\t\t<div class=\"elementor-field-type-text elementor-field-group elementor-column elementor-field-group-field_0054810 elementor-col-25 elementor-field-required\">\n\t\t\t\t\t\t\t\t\t\t\t\t<label for=\"form-field-field_0054810\" class=\"elementor-field-label elementor-screen-only\">\n\t\t\t\t\t\t\t\tCEP\t\t\t\t\t\t\t<\/label>\n\t\t\t\t\t\t\t\t\t\t\t\t\t\t<input size=\"1\" type=\"text\" name=\"form_fields[field_0054810]\" id=\"form-field-field_0054810\" class=\"elementor-field elementor-size-md  elementor-field-textual\" placeholder=\"CEP:\" required=\"required\">\n\t\t\t\t\t\t\t\t\t\t\t<\/div>\n\t\t\t\t\t\t\t\t<div class=\"elementor-field-type-text elementor-field-group elementor-column elementor-field-group-field_41a15ac elementor-col-25 elementor-field-required\">\n\t\t\t\t\t\t\t\t\t\t\t\t<label for=\"form-field-field_41a15ac\" class=\"elementor-field-label elementor-screen-only\">\n\t\t\t\t\t\t\t\tEstado:\t\t\t\t\t\t\t<\/label>\n\t\t\t\t\t\t\t\t\t\t\t\t\t\t<input size=\"1\" type=\"text\" name=\"form_fields[field_41a15ac]\" id=\"form-field-field_41a15ac\" class=\"elementor-field elementor-size-md  elementor-field-textual\" placeholder=\"Estado:\" required=\"required\">\n\t\t\t\t\t\t\t\t\t\t\t<\/div>\n\t\t\t\t\t\t\t\t<div class=\"elementor-field-type-text elementor-field-group elementor-column elementor-field-group-field_55cdd82 elementor-col-25 elementor-field-required\">\n\t\t\t\t\t\t\t\t\t\t\t\t<label for=\"form-field-field_55cdd82\" class=\"elementor-field-label elementor-screen-only\">\n\t\t\t\t\t\t\t\tNaturalidade:\t\t\t\t\t\t\t<\/label>\n\t\t\t\t\t\t\t\t\t\t\t\t\t\t<input size=\"1\" type=\"text\" name=\"form_fields[field_55cdd82]\" id=\"form-field-field_55cdd82\" class=\"elementor-field elementor-size-md  elementor-field-textual\" placeholder=\"Naturalidade:\" required=\"required\">\n\t\t\t\t\t\t\t\t\t\t\t<\/div>\n\t\t\t\t\t\t\t\t<div class=\"elementor-field-type-text elementor-field-group elementor-column elementor-field-group-field_40c80ca elementor-col-25 elementor-field-required\">\n\t\t\t\t\t\t\t\t\t\t\t\t<label for=\"form-field-field_40c80ca\" class=\"elementor-field-label elementor-screen-only\">\n\t\t\t\t\t\t\t\tProfiss\u00e3o: \t\t\t\t\t\t\t<\/label>\n\t\t\t\t\t\t\t\t\t\t\t\t\t\t<input size=\"1\" type=\"text\" name=\"form_fields[field_40c80ca]\" id=\"form-field-field_40c80ca\" class=\"elementor-field elementor-size-md  elementor-field-textual\" placeholder=\"Profiss\u00e3o: \" required=\"required\">\n\t\t\t\t\t\t\t\t\t\t\t<\/div>\n\t\t\t\t\t\t\t\t<div class=\"elementor-field-type-date elementor-field-group elementor-column elementor-field-group-field_a70bc8c elementor-col-25 elementor-field-required\">\n\t\t\t\t\t\t\t\t\t\t\t\t<label for=\"form-field-field_a70bc8c\" class=\"elementor-field-label elementor-screen-only\">\n\t\t\t\t\t\t\t\tData Nasc.: \t\t\t\t\t\t\t<\/label>\n\t\t\t\t\t\t\n\t\t<input type=\"date\" name=\"form_fields[field_a70bc8c]\" id=\"form-field-field_a70bc8c\" class=\"elementor-field elementor-size-md  elementor-field-textual elementor-date-field elementor-use-native\" placeholder=\"Data Nasc.: \" required=\"required\" pattern=\"[0-9]{4}-[0-9]{2}-[0-9]{2}\">\n\t\t\t\t\t\t<\/div>\n\t\t\t\t\t\t\t\t<div class=\"elementor-field-type-email elementor-field-group elementor-column elementor-field-group-email elementor-col-50 elementor-field-required\">\n\t\t\t\t\t\t\t\t\t\t\t\t<label for=\"form-field-email\" class=\"elementor-field-label elementor-screen-only\">\n\t\t\t\t\t\t\t\tE-mail:\t\t\t\t\t\t\t<\/label>\n\t\t\t\t\t\t\t\t\t\t\t\t\t\t<input size=\"1\" type=\"email\" name=\"form_fields[email]\" id=\"form-field-email\" class=\"elementor-field elementor-size-md  elementor-field-textual\" placeholder=\"E-mail:\" required=\"required\">\n\t\t\t\t\t\t\t\t\t\t\t<\/div>\n\t\t\t\t\t\t\t\t<div class=\"elementor-field-type-text elementor-field-group elementor-column elementor-field-group-field_1fcafc1 elementor-col-25 elementor-field-required\">\n\t\t\t\t\t\t\t\t\t\t\t\t<label for=\"form-field-field_1fcafc1\" class=\"elementor-field-label elementor-screen-only\">\n\t\t\t\t\t\t\t\tCPF:\t\t\t\t\t\t\t<\/label>\n\t\t\t\t\t\t\t\t\t\t\t\t\t\t<input size=\"1\" type=\"text\" name=\"form_fields[field_1fcafc1]\" id=\"form-field-field_1fcafc1\" class=\"elementor-field elementor-size-md  elementor-field-textual\" placeholder=\"CPF:\" required=\"required\">\n\t\t\t\t\t\t\t\t\t\t\t<\/div>\n\t\t\t\t\t\t\t\t<div class=\"elementor-field-type-text elementor-field-group elementor-column elementor-field-group-field_7bf7e84 elementor-col-25 elementor-field-required\">\n\t\t\t\t\t\t\t\t\t\t\t\t<label for=\"form-field-field_7bf7e84\" class=\"elementor-field-label elementor-screen-only\">\n\t\t\t\t\t\t\t\tRG:\t\t\t\t\t\t\t<\/label>\n\t\t\t\t\t\t\t\t\t\t\t\t\t\t<input size=\"1\" type=\"text\" name=\"form_fields[field_7bf7e84]\" id=\"form-field-field_7bf7e84\" class=\"elementor-field elementor-size-md  elementor-field-textual\" placeholder=\"RG:\" required=\"required\">\n\t\t\t\t\t\t\t\t\t\t\t<\/div>\n\t\t\t\t\t\t\t\t<div class=\"elementor-field-type-tel elementor-field-group elementor-column elementor-field-group-field_f71c192 elementor-col-25 elementor-field-required\">\n\t\t\t\t\t\t\t\t\t\t\t\t<label for=\"form-field-field_f71c192\" class=\"elementor-field-label elementor-screen-only\">\n\t\t\t\t\t\t\t\tTel.\/Whatsapp:\t\t\t\t\t\t\t<\/label>\n\t\t\t\t\t\t\t\t<input size=\"1\" type=\"tel\" name=\"form_fields[field_f71c192]\" id=\"form-field-field_f71c192\" class=\"elementor-field elementor-size-md  elementor-field-textual\" placeholder=\"Tel.\/Whatsapp:\" required=\"required\" pattern=\"[0-9()#&amp;+*-=.]+\" title=\"Only numbers and phone characters (#, -, *, etc) are accepted.\">\n\n\t\t\t\t\t\t<\/div>\n\t\t\t\t\t\t\t\t<div class=\"elementor-field-type-step elementor-field-group elementor-column elementor-field-group-field_1e30904 elementor-col-100\">\n\t\t\t\t\t\t\t<div class=\"e-field-step elementor-hidden\" data-label=\"Dados eleitorais\" data-previousButton=\"Voltar\" data-nextButton=\"Pr\u00f3ximo\" data-iconUrl=\"\" data-iconLibrary=\"far fa-arrow-alt-circle-right\" data-icon=\"&lt;svg class=&quot;e-font-icon-svg e-far-arrow-alt-circle-right&quot; viewBox=&quot;0 0 512 512&quot; xmlns=&quot;http:\/\/www.w3.org\/2000\/svg&quot;&gt;&lt;path d=&quot;M504 256C504 119 393 8 256 8S8 119 8 256s111 248 248 248 248-111 248-248zm-448 0c0-110.5 89.5-200 200-200s200 89.5 200 200-89.5 200-200 200S56 366.5 56 256zm72 20v-40c0-6.6 5.4-12 12-12h116v-67c0-10.7 12.9-16 20.5-8.5l99 99c4.7 4.7 4.7 12.3 0 17l-99 99c-7.6 7.6-20.5 2.2-20.5-8.5v-67H140c-6.6 0-12-5.4-12-12z&quot;&gt;&lt;\/path&gt;&lt;\/svg&gt;\" ><\/div>\n\n\t\t\t\t\t\t<\/div>\n\t\t\t\t\t\t\t\t<div class=\"elementor-field-type-text elementor-field-group elementor-column elementor-field-group-field_c537868 elementor-col-25 elementor-field-required\">\n\t\t\t\t\t\t\t\t\t\t\t\t<label for=\"form-field-field_c537868\" class=\"elementor-field-label elementor-screen-only\">\n\t\t\t\t\t\t\t\tT\u00edtulo de Eleitor:\t\t\t\t\t\t\t<\/label>\n\t\t\t\t\t\t\t\t\t\t\t\t\t\t<input size=\"1\" type=\"text\" name=\"form_fields[field_c537868]\" id=\"form-field-field_c537868\" class=\"elementor-field elementor-size-md  elementor-field-textual\" placeholder=\"T\u00edtulo de Eleitor:\" required=\"required\">\n\t\t\t\t\t\t\t\t\t\t\t<\/div>\n\t\t\t\t\t\t\t\t<div class=\"elementor-field-type-text elementor-field-group elementor-column elementor-field-group-field_c2808e6 elementor-col-25 elementor-field-required\">\n\t\t\t\t\t\t\t\t\t\t\t\t<label for=\"form-field-field_c2808e6\" class=\"elementor-field-label elementor-screen-only\">\n\t\t\t\t\t\t\t\tZona:\t\t\t\t\t\t\t<\/label>\n\t\t\t\t\t\t\t\t\t\t\t\t\t\t<input size=\"1\" type=\"text\" name=\"form_fields[field_c2808e6]\" id=\"form-field-field_c2808e6\" class=\"elementor-field elementor-size-md  elementor-field-textual\" placeholder=\"Zona:\" required=\"required\">\n\t\t\t\t\t\t\t\t\t\t\t<\/div>\n\t\t\t\t\t\t\t\t<div class=\"elementor-field-type-text elementor-field-group elementor-column elementor-field-group-field_4b45a4f elementor-col-100 elementor-field-required\">\n\t\t\t\t\t\t\t\t\t\t\t\t<label for=\"form-field-field_4b45a4f\" class=\"elementor-field-label elementor-screen-only\">\n\t\t\t\t\t\t\t\tSe\u00e7\u00e3o:\t\t\t\t\t\t\t<\/label>\n\t\t\t\t\t\t\t\t\t\t\t\t\t\t<input size=\"1\" type=\"text\" name=\"form_fields[field_4b45a4f]\" id=\"form-field-field_4b45a4f\" class=\"elementor-field elementor-size-md  elementor-field-textual\" placeholder=\"Se\u00e7\u00e3o:\" required=\"required\">\n\t\t\t\t\t\t\t\t\t\t\t<\/div>\n\t\t\t\t\t\t\t\t<div class=\"elementor-field-type-text elementor-field-group elementor-column elementor-field-group-field_020a231 elementor-col-25 elementor-field-required\">\n\t\t\t\t\t\t\t\t\t\t\t\t<label for=\"form-field-field_020a231\" class=\"elementor-field-label elementor-screen-only\">\n\t\t\t\t\t\t\t\tMunic\u00edpio:\t\t\t\t\t\t\t<\/label>\n\t\t\t\t\t\t\t\t\t\t\t\t\t\t<input size=\"1\" type=\"text\" name=\"form_fields[field_020a231]\" id=\"form-field-field_020a231\" class=\"elementor-field elementor-size-md  elementor-field-textual\" placeholder=\"Munic\u00edpio:\" required=\"required\">\n\t\t\t\t\t\t\t\t\t\t\t<\/div>\n\t\t\t\t\t\t\t\t<div class=\"elementor-field-type-select elementor-field-group elementor-column elementor-field-group-field_e235195 elementor-col-25 elementor-field-required\">\n\t\t\t\t\t\t\t\t\t\t\t\t<label for=\"form-field-field_e235195\" class=\"elementor-field-label elementor-screen-only\">\n\t\t\t\t\t\t\t\tUF:\t\t\t\t\t\t\t<\/label>\n\t\t\t\t\t\t\t\t<div class=\"elementor-field elementor-select-wrapper remove-before \">\n\t\t\t<div class=\"select-caret-down-wrapper\">\n\t\t\t\t<svg aria-hidden=\"true\" class=\"e-font-icon-svg e-eicon-caret-down\" viewBox=\"0 0 571.4 571.4\" xmlns=\"http:\/\/www.w3.org\/2000\/svg\"><path d=\"M571 393Q571 407 561 418L311 668Q300 679 286 679T261 668L11 418Q0 407 0 393T11 368 36 357H536Q550 357 561 368T571 393Z\"><\/path><\/svg>\t\t\t<\/div>\n\t\t\t<select name=\"form_fields[field_e235195]\" id=\"form-field-field_e235195\" class=\"elementor-field-textual elementor-size-md\" required=\"required\">\n\t\t\t\t\t\t\t\t\t<option value=\"ac\">Acre (AC)<\/option>\n\t\t\t\t\t\t\t\t\t<option value=\"al\">Alagoas (AL)<\/option>\n\t\t\t\t\t\t\t\t\t<option value=\"ap\">Amap\u00e1 (AP)<\/option>\n\t\t\t\t\t\t\t\t\t<option value=\"am\">Amazonas (AM)<\/option>\n\t\t\t\t\t\t\t\t\t<option value=\"ba\">Bahia (BA)<\/option>\n\t\t\t\t\t\t\t\t\t<option value=\"ce\">Cear\u00e1 (CE)<\/option>\n\t\t\t\t\t\t\t\t\t<option value=\"df\">Distrito Federal (DF)<\/option>\n\t\t\t\t\t\t\t\t\t<option value=\"es\">Esp\u00edrito Santo (ES)<\/option>\n\t\t\t\t\t\t\t\t\t<option value=\"go\">Goi\u00e1s (GO)<\/option>\n\t\t\t\t\t\t\t\t\t<option value=\"ma\">Maranh\u00e3o (MA)<\/option>\n\t\t\t\t\t\t\t\t\t<option value=\"mt\">Mato Grosso (MT)<\/option>\n\t\t\t\t\t\t\t\t\t<option value=\"ms\">Mato Grosso do Sul (MS)<\/option>\n\t\t\t\t\t\t\t\t\t<option value=\"mg\">Minas Gerais (MG)<\/option>\n\t\t\t\t\t\t\t\t\t<option value=\"pa\">Par\u00e1 (PA)<\/option>\n\t\t\t\t\t\t\t\t\t<option value=\"pb\">Para\u00edba (PB)<\/option>\n\t\t\t\t\t\t\t\t\t<option value=\"pr\">Paran\u00e1 (PR)<\/option>\n\t\t\t\t\t\t\t\t\t<option value=\"pe\">Pernambuco (PE)<\/option>\n\t\t\t\t\t\t\t\t\t<option value=\"pi\">Piau\u00ed (PI)<\/option>\n\t\t\t\t\t\t\t\t\t<option value=\"rj\">Rio de Janeiro (RJ)<\/option>\n\t\t\t\t\t\t\t\t\t<option value=\"rn\">Rio Grande do Norte (RN)<\/option>\n\t\t\t\t\t\t\t\t\t<option value=\"rs\">Rio Grande do Sul (RS)<\/option>\n\t\t\t\t\t\t\t\t\t<option value=\"ro\">Rond\u00f4nia (RO)<\/option>\n\t\t\t\t\t\t\t\t\t<option value=\"rr\">Roraima (RR)<\/option>\n\t\t\t\t\t\t\t\t\t<option value=\"sc\">Santa Catarina (SC)<\/option>\n\t\t\t\t\t\t\t\t\t<option value=\"sp\">S\u00e3o Paulo (SP)<\/option>\n\t\t\t\t\t\t\t\t\t<option value=\"se\">Sergipe (SE)<\/option>\n\t\t\t\t\t\t\t\t\t<option value=\"to\">Tocantins (TO)<\/option>\n\t\t\t\t\t\t\t<\/select>\n\t\t<\/div>\n\t\t\t\t\t\t<\/div>\n\t\t\t\t\t\t\t\t<div class=\"elementor-field-type-text elementor-field-group elementor-column elementor-field-group-field_015ddee elementor-col-50 elementor-field-required\">\n\t\t\t\t\t\t\t\t\t\t\t\t<label for=\"form-field-field_015ddee\" class=\"elementor-field-label elementor-screen-only\">\n\t\t\t\t\t\t\t\tNome Completo da M\u00e3e:\t\t\t\t\t\t\t<\/label>\n\t\t\t\t\t\t\t\t\t\t\t\t\t\t<input size=\"1\" type=\"text\" name=\"form_fields[field_015ddee]\" id=\"form-field-field_015ddee\" class=\"elementor-field elementor-size-md  elementor-field-textual\" placeholder=\"Nome Completo da M\u00e3e:\" required=\"required\">\n\t\t\t\t\t\t\t\t\t\t\t<\/div>\n\t\t\t\t\t\t\t\t<div class=\"elementor-field-type-text elementor-field-group elementor-column elementor-field-group-field_770d637 elementor-col-50 elementor-field-required\">\n\t\t\t\t\t\t\t\t\t\t\t\t<label for=\"form-field-field_770d637\" class=\"elementor-field-label elementor-screen-only\">\n\t\t\t\t\t\t\t\tNome Completo do Pai:\t\t\t\t\t\t\t<\/label>\n\t\t\t\t\t\t\t\t\t\t\t\t\t\t<input size=\"1\" type=\"text\" name=\"form_fields[field_770d637]\" id=\"form-field-field_770d637\" class=\"elementor-field elementor-size-md  elementor-field-textual\" placeholder=\"Nome Completo do Pai:\" required=\"required\">\n\t\t\t\t\t\t\t\t\t\t\t<\/div>\n\t\t\t\t\t\t\t\t<div class=\"elementor-field-type-acceptance elementor-field-group elementor-column elementor-field-group-field_f318290 elementor-col-100\">\n\t\t\t\t\t\t\t<div class=\"elementor-field-subgroup\">\n\t\t\t<span class=\"elementor-field-option\">\n\t\t\t\t<input type=\"checkbox\" name=\"form_fields[field_f318290]\" id=\"form-field-field_f318290\" class=\"elementor-field elementor-size-md  elementor-acceptance-field\" checked=\"checked\">\n\t\t\t\t<label for=\"form-field-field_f318290\">Declaro estar de acordo com o Programa e com o Estatuto do PSD\n<\/label>\t\t\t<\/span>\n\t\t<\/div>\n\t\t\t\t\t\t<\/div>\n\t\t\t\t\t\t\t\t<div class=\"elementor-field-group elementor-column elementor-field-type-submit elementor-col-100 e-form__buttons\">\n\t\t\t\t\t<button class=\"elementor-button elementor-size-md\" type=\"submit\">\n\t\t\t\t\t\t<span class=\"elementor-button-content-wrapper\">\n\t\t\t\t\t\t\t\t\t\t\t\t\t\t\t<span class=\"elementor-button-icon\">\n\t\t\t\t\t\t\t\t\t<svg aria-hidden=\"true\" class=\"e-font-icon-svg e-far-arrow-alt-circle-right\" viewBox=\"0 0 512 512\" xmlns=\"http:\/\/www.w3.org\/2000\/svg\"><path d=\"M504 256C504 119 393 8 256 8S8 119 8 256s111 248 248 248 248-111 248-248zm-448 0c0-110.5 89.5-200 200-200s200 89.5 200 200-89.5 200-200 200S56 366.5 56 256zm72 20v-40c0-6.6 5.4-12 12-12h116v-67c0-10.7 12.9-16 20.5-8.5l99 99c4.7 4.7 4.7 12.3 0 17l-99 99c-7.6 7.6-20.5 2.2-20.5-8.5v-67H140c-6.6 0-12-5.4-12-12z\"><\/path><\/svg>\t\t\t\t\t\t\t\t\t\t\t\t\t\t\t\t\t<\/span>\n\t\t\t\t\t\t\t\t\t\t\t\t\t\t\t\t\t\t\t\t\t\t<span class=\"elementor-button-text\">CADASTRAR<\/span>\n\t\t\t\t\t\t\t\t\t\t\t\t\t<\/span>\n\t\t\t\t\t<\/button>\n\t\t\t\t<\/div>\n\t\t\t<\/div>\n\t\t<\/form>\n\t\t\t\t\t\t<\/div>\n\t\t\t\t<\/div>\n\t\t\t\t\t<\/div>\n\t\t\t\t<\/div>\n\t\t\t\t<\/div>\n\t\t","protected":false},"excerpt":{"rendered":"<p>Filie-se ao PSD &#8211; Partido Social Democr\u00e1tico &#8211; MG Quer fazer parte do PSD? \u00c9 r\u00e1pido e f\u00e1cil! Preencha o formul\u00e1rio abaixo e entraremos em contato para fazer a sua filia\u00e7\u00e3o.<\/p>\n","protected":false},"author":1,"featured_media":0,"parent":0,"menu_order":0,"comment_status":"closed","ping_status":"closed","template":"","meta":{"footnotes":""},"class_list":["post-6563","page","type-page","status-publish","hentry"],"_links":{"self":[{"href":"https:\/\/w2mktdigital.com\/psdminas\/wp-json\/wp\/v2\/pages\/6563","targetHints":{"allow":["GET"]}}],"collection":[{"href":"https:\/\/w2mktdigital.com\/psdminas\/wp-json\/wp\/v2\/pages"}],"about":[{"href":"https:\/\/w2mktdigital.com\/psdminas\/wp-json\/wp\/v2\/types\/page"}],"author":[{"embeddable":true,"href":"https:\/\/w2mktdigital.com\/psdminas\/wp-json\/wp\/v2\/users\/1"}],"replies":[{"embeddable":true,"href":"https:\/\/w2mktdigital.com\/psdminas\/wp-json\/wp\/v2\/comments?post=6563"}],"version-history":[{"count":34,"href":"https:\/\/w2mktdigital.com\/psdminas\/wp-json\/wp\/v2\/pages\/6563\/revisions"}],"predecessor-version":[{"id":10247,"href":"https:\/\/w2mktdigital.com\/psdminas\/wp-json\/wp\/v2\/pages\/6563\/revisions\/10247"}],"wp:attachment":[{"href":"https:\/\/w2mktdigital.com\/psdminas\/wp-json\/wp\/v2\/media?parent=6563"}],"curies":[{"name":"wp","href":"https:\/\/api.w.org\/{rel}","templated":true}]}}